{"id":9,"date":"2020-08-12T10:17:25","date_gmt":"2020-08-12T17:17:25","guid":{"rendered":"http:\/\/devspace.ca\/dilvo\/?page_id=9"},"modified":"2020-08-27T12:21:15","modified_gmt":"2020-08-27T19:21:15","slug":"home","status":"publish","type":"page","link":"https:\/\/dilvolotti.com\/","title":{"rendered":"Home"},"content":{"rendered":"<p>[et_pb_section fb_built=&#8221;1&#8243; _builder_version=&#8221;4.5.6&#8243; _module_preset=&#8221;default&#8221; background_color=&#8221;#232323&#8243; width=&#8221;85vw&#8221; width_tablet=&#8221;&#8221; width_phone=&#8221;&#8221; width_last_edited=&#8221;on|desktop&#8221; module_alignment=&#8221;right&#8221;][et_pb_row module_id=&#8221;artist&#8221; _builder_version=&#8221;4.5.6&#8243; _module_preset=&#8221;default&#8221; custom_padding=&#8221;60px|||||&#8221;][et_pb_column type=&#8221;4_4&#8243; _builder_version=&#8221;4.5.6&#8243; _module_preset=&#8221;default&#8221;][et_pb_text _builder_version=&#8221;4.5.6&#8243; _module_preset=&#8221;default&#8221; text_font=&#8221;Raleway||||||||&#8221; text_text_color=&#8221;rgba(255,255,255,0.24)&#8221; text_font_size=&#8221;15px&#8221; text_line_height=&#8221;1.8em&#8221; header_font=&#8221;Homemade Apple||||||||&#8221; header_text_align=&#8221;left&#8221; header_text_color=&#8221;#ffffff&#8221; header_font_size=&#8221;60px&#8221; custom_margin=&#8221;||18px|||&#8221; header_text_align_tablet=&#8221;left&#8221; header_text_align_phone=&#8221;center&#8221; header_text_align_last_edited=&#8221;on|phone&#8221; header_font_size_tablet=&#8221;&#8221; header_font_size_phone=&#8221;50px&#8221; header_font_size_last_edited=&#8221;on|phone&#8221; text_orientation_tablet=&#8221;&#8221; text_orientation_phone=&#8221;center&#8221; text_orientation_last_edited=&#8221;on|phone&#8221;]<\/p>\n<h1>Dilvo Lotti<\/h1>\n<p><span>27 Giugno 1914 &#8211; 22 Aprile 2009<\/span><\/p>\n<p>[\/et_pb_text][et_pb_divider color=&#8221;rgba(255,255,255,0.2)&#8221; divider_position=&#8221;center&#8221; _builder_version=&#8221;4.5.6&#8243; _module_preset=&#8221;default&#8221;][\/et_pb_divider][\/et_pb_column][\/et_pb_row][et_pb_row module_id=&#8221;artist&#8221; _builder_version=&#8221;4.5.6&#8243; _module_preset=&#8221;default&#8221; custom_margin=&#8221;35px|auto||auto||&#8221;][et_pb_column type=&#8221;4_4&#8243; _builder_version=&#8221;4.5.6&#8243; _module_preset=&#8221;default&#8221;][et_pb_text _builder_version=&#8221;4.5.6&#8243; _module_preset=&#8221;default&#8221; text_font=&#8221;Raleway||||||||&#8221; text_text_color=&#8221;#ffffff&#8221; text_font_size=&#8221;15px&#8221; text_line_height=&#8221;1.8em&#8221; header_font=&#8221;Homemade Apple||||||||&#8221; header_text_color=&#8221;#ffffff&#8221;]<\/p>\n<h1>Presentazione dell&#8217;autore<\/h1>\n<p>[\/et_pb_text][\/et_pb_column][\/et_pb_row][et_pb_row column_structure=&#8221;3_5,2_5&#8243; _builder_version=&#8221;4.5.6&#8243; _module_preset=&#8221;default&#8221;][et_pb_column type=&#8221;3_5&#8243; _builder_version=&#8221;4.5.6&#8243; _module_preset=&#8221;default&#8221;][et_pb_text _builder_version=&#8221;4.5.6&#8243; _module_preset=&#8221;default&#8221; text_font=&#8221;Raleway||||||||&#8221; text_text_color=&#8221;#ffffff&#8221; text_font_size=&#8221;15px&#8221; text_line_height=&#8221;1.8em&#8221;]<\/p>\n<p>Dilvo Lotti \u00e8 nato a San Miniato al Tedesco, in Toscana, il 27 giugno 1914.<\/p>\n<p>Frequenta l&#8217;Istituto d&#8217;Arte di Porta Romana a Firenze dove si licenzia nel 1935 discutendo la tesi su Honor\u00e9 Daumier.<\/p>\n<p>Gli anni Trenta del Novecento fono per Lotti anni di intenso lavoro, nel corso dei quali va mettendo a punto la propria poetica artistica. Sono anni passati prevalentemente a Firenze dove artisti e letterati sono soliti incontrarsi in locali come le \u201cGiubbe Rosse\u201d, o \u201cl\u2019Antico Fattore\u201d.<br \/> Dilvo Lotti \u00e8 tra i giovani artisti pi\u00f9 apprezzati; ricchi i suoi epistolari con personaggi della cultura fiorentina come Ardengo Soffici, Giovanni Papini, Baccio Maria Bacci, Nicola Lisi, Pietro Parigi, Francesco Chiappelli, Giorgio La Pira.<\/p>\n<p>Lotti inizia la sua attivit\u00e0 espositiva nel 1932 a Siena e la critica lo accoglie con grande entusiasmo: nel 1935 il critico Mario Tinti scrive: \u201c l\u2019unica voce originale, capace di inserirsi nel quadro dell\u2019espressionismo europeo\u201d.<\/p>\n<p>In quell\u2019anno d\u00e0 inizio allo splendido murale delle storie del miracolo della Madonna dei bimbi, a Cigoli, compiuto poi nel 1937.<\/p>\n<p><span style=\"font-size: 14px;\">Nel 1940, dopo un breve soggiorno a Milano, vince il Premio Panerai con l\u2019opera \u201cNatura morta e bambino\u201d. Partecipa su invito alle pi\u00f9 importanti rassegne d\u2019Arte, quali la Triennale di Milano, la Quadriennale di Roma e nel 1942 alla Biennale di Venezia gli viene dedicata una sala con sedici opere. Con il precipitare della situazione internazionale e l\u2019entrata in guerra dell\u2019Italia, Lotti viene richiamato alle armi quale Ufficiale dell\u2019Esercito Italiano; l\u2019armistizio lo sorprende a Gabecce (Trieste).<\/span><\/p>\n<p>Nel 1943 esce la prima monografia con la prefazione di Ardengo Soffici.<\/p>\n<p>L\u201911 luglio 1943 si sposa con Giuseppina Gazzarrini, testimoni alle nozze Pietro Parigi e Francesco Chiappelli.<br \/> Nel 1947 nella sua citt\u00e0 natale d\u00e0 vita, insieme ad altri amici, all\u2019Istituto del Dramma Popolare, rassegna che vedr\u00e0 negli anni la partecipazione dei pi\u00f9 importanti autori, registi e attori con al suo attivo alcune tra le pi\u00f9 significative rappresentazioni della storia del teatro italiano.<br \/> Per l\u2019Istituto del Dramma realizza le scenografie per lo spettacolo \u201cLa Maschera e la Grazia\u201d(1947) ed i costumi per \u201cYo el Rey\u201d (1949). In questi anni firma la regia degli spettacoli \u201cMarianna Pineda\u201d e \u201cEssi arrivarono ad una citt\u00e0\u201d, \u201cUno cantava per tutti\u201d rappresentati a Pontedera.<br \/> Per l\u2019Istituto del Dramma Popolare ha realizzato ad oggi 22 incisioni per i tradizionali manifesti.<\/p>\n<p>On the 11 of July 1943 Dilvo married Giuseppina Gazzarrini; Pietro Parigi and Francesco Chiappelli were his best-man.<br \/> In 1947 in San Miniato Dilvo create, joint with some friends, the Istituto del Dramma Popolare, event that during the years will see the partecipation of all the most important authors, directors and actors. The Istituto del Dramma Popolare<\/p>\n<p>Sempre nel 1947 scrive il romanzo \u201cLa Morte del Paese\u201d, testo ricco di riferimenti autobiografici, che risulter\u00e0 finalista al Concorso della Fiera Letteraria.<\/p>\n<p>Nel 1950 \u00e8 invitato al premio Carnegie a Pittsburg.<\/p>\n<p>Nel 1957 Lotti vince il Concorso Internazionale bandito dalla Pontificia Commissione d\u2019Arte Sacra con l\u2019opera \u201cGes\u00f9 Divino Lavoratore\u201d, opera che si trova ad Assisi.<\/p>\n<p>Nel 1959 \u00e8 l\u2019attivo curatore della \u201cMostra del Cigoli e del suo ambiente\u201d prima lettura critica delle opere di Ludovico Cardi. Alla mostra guardano con grande interesse gli studiosi Mina Gregori, Federico Zeri, Giulio Carlo Argan e Roberto Longhi.<\/p>\n<p>Dal 1953 al 1985 si dedica a vaste opere ad affresco e graffito presso importanti chiese e d edifici quali la Cappella della Casa di Riposo a Ponsacco, il Duomo di Pontedera, la calotta absidale della Chiesa dei Cavalieri del Tau ad Altopascio, la Chiesa di Ges\u00f9 Divino Lavoratore al Campaccio a Prato, la Casa della Giovent\u00f9 di Bardi in provincia di Parma, la Chiesa di Santa Marcella a Roma, il Refettorio del Seminario Vescovile di San Miniato, la Casa del Mutilato a San Miniato, la Sala del Consiglio della Cassa di Risparmio a San Miniato,<br \/> Ed ancora Ponte a Elsa, Ponte a Cappiano, Ponsacco, La Mogliazza (Pavia), San Donato (Pi).<\/p>\n<p>Nel 1966 \u00e8 l\u2019ordinatore del Museo Diocesano d\u2019Arte Sacra di San Miniato e, tre anni dopo, della \u201cMostra d\u2019Arte Sacra della Diocesi di San Miniato\u201d.<\/p>\n<p>Nel 1968 realizza il \u201cCrocifisso\u201d per la Chiesa dell\u2019Autostrada del Sole (Firenze)<\/p>\n<p>L\u2019attivit\u00e0 espositiva \u00e8 intensa, tiene mostre personali negli edifici pi\u00f9 prestigiosi e in importanti gallerie a Firenze, Genova , Roma, Milano, Brescia, Venezia, Rovereto, Livorno, Pisa, Empoli e poi Londra (1962), Biarritz (1971), Hildesheim (1995), Villeneuve lez Avignon (1999).<\/p>\n<p>L\u2019Accademia delle Arti del Disegno di Firenze gli dedica esposizioni antologiche nel 1955, nel 1973 e nel 1991.<\/p>\n<p>Nel 1980 nel complesso monumentale della Villa Medicea e Pieve di San Leonardo a Cerreto Guidi tiene una vasta antologica corredata da un catalogo che raccoglie gran parte degli scritti dedicati alla sua arte da Antonio Buero Vallejo, Rodolfo Doni, Luigi Testaferrata, Nicola Micieli, Luigi Baldacci, Mario Pomilio, Dino Carlesi, Tommaso Paloscia, Alessandro Parronchi, Aglauco Casadio, Fernando Prattichizzo, Valerio Vallini, Marco Moretti, Carlo Pedretti e tanti altri.<\/p>\n<p>Nel 1983 viene nominato Accademico Corrispondente della Pontificia Insigne Accademia dei Virtuosi al Pantheon.<\/p>\n<p>Nel 1995, dal 10 maggio al 9 giugno a Hildesheim (Germania) gli viene dedicata una mostra antologica nelle due sedi del Palazzo Comunale e della Chiesa di Sant\u2019Jacopo.<\/p>\n<p>\u00c8 autore di vari studi a carattere storico e artistico tra i quali ricordiamo: \u201cSan Miniato, vita di una antica citt\u00e0\u201d (1980), \u201cPietro Parigi, incisore fiorentino\u201d (1994), \u201cNapoleone Buonaparte, Toscano Europeo\u201d (1995).<\/p>\n<p>[\/et_pb_text][\/et_pb_column][et_pb_column type=&#8221;2_5&#8243; _builder_version=&#8221;4.5.6&#8243; _module_preset=&#8221;default&#8221;][et_pb_gallery fullwidth=&#8221;on&#8221; _builder_version=&#8221;4.6.0&#8243; _module_preset=&#8221;default&#8221; auto=&#8221;on&#8221; auto_speed=&#8221;6000&#8243; hover_enabled=&#8221;0&#8243; gallery_ids=&#8221;61,62&#8243; sticky_enabled=&#8221;0&#8243;][\/et_pb_gallery][\/et_pb_column][\/et_pb_row][\/et_pb_section][et_pb_section fb_built=&#8221;1&#8243; _builder_version=&#8221;4.5.6&#8243; _module_preset=&#8221;default&#8221; background_color=&#8221;#232323&#8243; width=&#8221;85vw&#8221; width_tablet=&#8221;&#8221; width_phone=&#8221;&#8221; width_last_edited=&#8221;on|desktop&#8221; module_alignment=&#8221;right&#8221;][et_pb_row _builder_version=&#8221;4.5.6&#8243; _module_preset=&#8221;default&#8221;][et_pb_column type=&#8221;4_4&#8243; _builder_version=&#8221;4.5.6&#8243; _module_preset=&#8221;default&#8221;][et_pb_text module_id=&#8221;artwork&#8221; _builder_version=&#8221;4.5.6&#8243; _module_preset=&#8221;default&#8221; text_font=&#8221;Raleway||||||||&#8221; text_text_color=&#8221;#ffffff&#8221; text_font_size=&#8221;15px&#8221; text_line_height=&#8221;1.8em&#8221; header_font=&#8221;Homemade Apple||||||||&#8221; header_text_color=&#8221;#ffffff&#8221;]<\/p>\n<h1>Alcune Opere<\/h1>\n<p>[\/et_pb_text][\/et_pb_column][\/et_pb_row][et_pb_row use_custom_gutter=&#8221;on&#8221; gutter_width=&#8221;1&#8243; _builder_version=&#8221;4.5.6&#8243; _module_preset=&#8221;default&#8221;][et_pb_column type=&#8221;4_4&#8243; _builder_version=&#8221;4.5.6&#8243; _module_preset=&#8221;default&#8221;][et_pb_gallery gallery_ids=&#8221;54,55,52,53,50,51,48,49,47,46,45,42,43,44,40,41,38,39,36,37,34,35,32,33,30,31,29,28,26,27,24,25,22,23,21&#8243; posts_number=&#8221;40&#8243; show_title_and_caption=&#8221;off&#8221; zoom_icon_color=&#8221;rgba(0,0,0,0)&#8221; hover_overlay_color=&#8221;rgba(0,0,0,0)&#8221; _builder_version=&#8221;4.6.0&#8243; _module_preset=&#8221;default&#8221; module_alignment=&#8221;center&#8221; custom_padding=&#8221;||||false|false&#8221; custom_css_gallery_item_title=&#8221;display:none;&#8221; border_width_all=&#8221;5px&#8221; border_color_all=&#8221;rgba(0,0,0,0)&#8221; box_shadow_style_image=&#8221;preset6&#8243; box_shadow_color_image=&#8221;#232323&#8243; border_style_all_image__hover_enabled=&#8221;on|hover&#8221; child_filter_saturate__hover=&#8221;150%&#8221; child_filter_saturate__hover_enabled=&#8221;on|desktop&#8221; child_filter_brightness__hover=&#8221;100%&#8221; child_filter_brightness__hover_enabled=&#8221;on|hover&#8221;][\/et_pb_gallery][\/et_pb_column][\/et_pb_row][\/et_pb_section][et_pb_section fb_built=&#8221;1&#8243; _builder_version=&#8221;4.5.6&#8243; _module_preset=&#8221;default&#8221; background_color=&#8221;#232323&#8243; width=&#8221;85vw&#8221; width_tablet=&#8221;&#8221; width_phone=&#8221;&#8221; width_last_edited=&#8221;on|desktop&#8221; module_alignment=&#8221;right&#8221;][et_pb_row module_id=&#8221;casa&#8221; _builder_version=&#8221;4.5.6&#8243; _module_preset=&#8221;default&#8221;][et_pb_column type=&#8221;4_4&#8243; _builder_version=&#8221;4.5.6&#8243; _module_preset=&#8221;default&#8221;][et_pb_text _builder_version=&#8221;4.5.6&#8243; _module_preset=&#8221;default&#8221; text_font=&#8221;Raleway||||||||&#8221; text_text_color=&#8221;#ffffff&#8221; text_font_size=&#8221;15px&#8221; text_line_height=&#8221;1.8em&#8221; header_font=&#8221;Homemade Apple||||||||&#8221; header_text_color=&#8221;#ffffff&#8221;]<\/p>\n<h1>Lo Studio<\/h1>\n<p>[\/et_pb_text][\/et_pb_column][\/et_pb_row][et_pb_row column_structure=&#8221;3_5,2_5&#8243; _builder_version=&#8221;4.5.6&#8243; _module_preset=&#8221;default&#8221;][et_pb_column type=&#8221;3_5&#8243; _builder_version=&#8221;4.5.6&#8243; _module_preset=&#8221;default&#8221;][et_pb_text _builder_version=&#8221;4.5.6&#8243; _module_preset=&#8221;default&#8221; text_font=&#8221;Raleway||||||||&#8221; text_text_color=&#8221;#ffffff&#8221; text_font_size=&#8221;15px&#8221; text_line_height=&#8221;1.8em&#8221; custom_margin=&#8221;||65px||false|false&#8221;]<\/p>\n<p>The Lotti&#8217;s House, The Studio<\/p>\n<p>Me sutler fathom Letter of Marque Jack Tar long clothes lee American Main yawl long boat. Port ye belay topgallant gibbet blow the man down Brethren of the Coast red ensign broadside pressgang. Schooner Admiral of the Black scurvy sloop lookout lass clipper Nelsons folly take a caulk Jolly Roger.<\/p>\n<p>Cutlass hands sloop hardtack nipperkin to go on account bucko six pounders pink scourge of the seven seas. Lad Sea Legs scuttle bilge me sheet cog hornswaggle line landlubber or just lubber. Keel run a rig ho handsomely lad reef black spot reef sails skysail driver.<\/p>\n<p>Bring a spring upon her cable gally cog Chain Shot skysail hogshead furl chase sutler list. Hogshead grog pillage starboard Pirate Round hands Pieces of Eight yawl pink clipper. Squiffy Blimey gally cable fire ship plunder hang the jib main sheet parrel boom.<\/p>\n<p>[\/et_pb_text][\/et_pb_column][et_pb_column type=&#8221;2_5&#8243; _builder_version=&#8221;4.5.6&#8243; _module_preset=&#8221;default&#8221;][et_pb_image src=&#8221;http:\/\/dilvolotti.com\/wp-content\/uploads\/2020\/08\/Dilvolotti11.jpg&#8221; title_text=&#8221;Dilvolotti11&#8243; _builder_version=&#8221;4.6.0&#8243; _module_preset=&#8221;default&#8221; hover_enabled=&#8221;0&#8243; sticky_enabled=&#8221;0&#8243;][\/et_pb_image][\/et_pb_column][\/et_pb_row][\/et_pb_section]<\/p>\n","protected":false},"excerpt":{"rendered":"<p>[et_pb_section fb_built=&#8221;1&#8243; _builder_version=&#8221;4.5.6&#8243; _module_preset=&#8221;default&#8221; background_color=&#8221;#232323&#8243; width=&#8221;85vw&#8221; width_tablet=&#8221;&#8221; width_phone=&#8221;&#8221; width_last_edited=&#8221;on|desktop&#8221; module_alignment=&#8221;right&#8221;][et_pb_row module_id=&#8221;artist&#8221; _builder_version=&#8221;4.5.6&#8243; _module_preset=&#8221;default&#8221; custom_padding=&#8221;60px|||||&#8221;][et_pb_column type=&#8221;4_4&#8243; _builder_version=&#8221;4.5.6&#8243; _module_preset=&#8221;default&#8221;][et_pb_text _builder_version=&#8221;4.5.6&#8243; _module_preset=&#8221;default&#8221; text_font=&#8221;Raleway||||||||&#8221; text_text_color=&#8221;rgba(255,255,255,0.24)&#8221; text_font_size=&#8221;15px&#8221; text_line_height=&#8221;1.8em&#8221; header_font=&#8221;Homemade Apple||||||||&#8221; header_text_align=&#8221;left&#8221; header_text_color=&#8221;#ffffff&#8221; header_font_size=&#8221;60px&#8221; custom_margin=&#8221;||18px|||&#8221; header_text_align_tablet=&#8221;left&#8221; header_text_align_phone=&#8221;center&#8221; header_text_align_last_edited=&#8221;on|phone&#8221; header_font_size_tablet=&#8221;&#8221; header_font_size_phone=&#8221;50px&#8221; header_font_size_last_edited=&#8221;on|phone&#8221; text_orientation_tablet=&#8221;&#8221; text_orientation_phone=&#8221;center&#8221; text_orientation_last_edited=&#8221;on|phone&#8221;] Dilvo Lotti 27 Giugno 1914 &#8211; 22 Aprile 2009 [\/et_pb_text][et_pb_divider color=&#8221;rgba(255,255,255,0.2)&#8221; divider_position=&#8221;center&#8221; _builder_version=&#8221;4.5.6&#8243; _module_preset=&#8221;default&#8221;][\/et_pb_divider][\/et_pb_column][\/et_pb_row][et_pb_row module_id=&#8221;artist&#8221; _builder_version=&#8221;4.5.6&#8243; _module_preset=&#8221;default&#8221; [&hellip;]<\/p>\n","protected":false},"author":1,"featured_media":0,"parent":0,"menu_order":0,"comment_status":"closed","ping_status":"closed","template":"","meta":{"_et_pb_use_builder":"on","_et_pb_old_content":"","_et_gb_content_width":""},"_links":{"self":[{"href":"https:\/\/dilvolotti.com\/index.php\/wp-json\/wp\/v2\/pages\/9"}],"collection":[{"href":"https:\/\/dilvolotti.com\/index.php\/wp-json\/wp\/v2\/pages"}],"about":[{"href":"https:\/\/dilvolotti.com\/index.php\/wp-json\/wp\/v2\/types\/page"}],"author":[{"embeddable":true,"href":"https:\/\/dilvolotti.com\/index.php\/wp-json\/wp\/v2\/users\/1"}],"replies":[{"embeddable":true,"href":"https:\/\/dilvolotti.com\/index.php\/wp-json\/wp\/v2\/comments?post=9"}],"version-history":[{"count":3,"href":"https:\/\/dilvolotti.com\/index.php\/wp-json\/wp\/v2\/pages\/9\/revisions"}],"predecessor-version":[{"id":67,"href":"https:\/\/dilvolotti.com\/index.php\/wp-json\/wp\/v2\/pages\/9\/revisions\/67"}],"wp:attachment":[{"href":"https:\/\/dilvolotti.com\/index.php\/wp-json\/wp\/v2\/media?parent=9"}],"curies":[{"name":"wp","href":"https:\/\/api.w.org\/{rel}","templated":true}]}}